{"id":7,"date":"2019-02-15T12:22:28","date_gmt":"2019-02-15T11:22:28","guid":{"rendered":"http:\/\/www.medium.pages-bernard-voyance.fr\/?page_id=7"},"modified":"2025-10-19T11:13:54","modified_gmt":"2025-10-19T09:13:54","slug":"medium-voyance","status":"publish","type":"page","link":"https:\/\/www.pages-bernard-voyance.fr\/","title":{"rendered":"Medium &#8211; Voyance"},"content":{"rendered":"\n<p> <\/p>\n","protected":false},"excerpt":{"rendered":"<p>Depuis\u00a0 plus de 30 ans, j\u2019exerce ce m\u00e9tier avec passion et professionnalisme, pour vous apporter chaque jour le meilleur.Je suis \u00e0 votre disposition pour vous aider \u00e0 avancer et favoriser vos souhaits.Pour apprendre \u00e0 nous connaitre,\u00a0le premier contact est offert !<\/p>\n","protected":false},"author":3,"featured_media":61,"parent":0,"menu_order":0,"comment_status":"closed","ping_status":"closed","template":"","meta":[],"yoast_head":"<!-- This site is optimized with the Yoast SEO plugin v19.4 - https:\/\/yoast.com\/wordpress\/plugins\/seo\/ -->\n<title>Medium - Voyance &bull; PAGES BERNARD \u00a0 \u2022 06 18 96 62 39<\/title>\n<meta name=\"description\" content=\"Bernard Pages, m\u00e9dium, poss\u00e9de un don naturel offrant une sensibilit\u00e9 permettant de percevoir et communiquer. Pratique aussi la voyance \u00e0 l\u2019aide d\u2019un support : radiesth\u00e9sie (Pendule) et cartomancie (Tarots et Oracles)\" \/>\n<meta name=\"robots\" content=\"index, follow, max-snippet:-1, max-image-preview:large, max-video-preview:-1\" \/>\n<link rel=\"canonical\" href=\"https:\/\/www.pages-bernard-voyance.fr\/\" \/>\n<meta property=\"og:locale\" content=\"fr_FR\" \/>\n<meta property=\"og:type\" content=\"article\" \/>\n<meta property=\"og:title\" content=\"Medium - Voyance &bull; PAGES BERNARD \u00a0 \u2022 06 18 96 62 39\" \/>\n<meta property=\"og:description\" content=\"Bernard Pages, m\u00e9dium, poss\u00e9de un don naturel offrant une sensibilit\u00e9 permettant de percevoir et communiquer. Pratique aussi la voyance \u00e0 l\u2019aide d\u2019un support : radiesth\u00e9sie (Pendule) et cartomancie (Tarots et Oracles)\" \/>\n<meta property=\"og:url\" content=\"https:\/\/www.pages-bernard-voyance.fr\/\" \/>\n<meta property=\"og:site_name\" content=\"PAGES BERNARD \u00a0 \u2022 06 18 96 62 39\" \/>\n<meta property=\"article:publisher\" content=\"https:\/\/www.facebook.com\/bernardpagesmedium\/\" \/>\n<meta property=\"article:modified_time\" content=\"2025-10-19T09:13:54+00:00\" \/>\n<meta property=\"og:image\" content=\"https:\/\/www.pages-bernard-voyance.fr\/wp-content\/uploads\/2019\/03\/boule-1024x1024.png\" \/>\n\t<meta property=\"og:image:width\" content=\"1024\" \/>\n\t<meta property=\"og:image:height\" content=\"1024\" \/>\n\t<meta property=\"og:image:type\" content=\"image\/png\" \/>\n<meta name=\"twitter:card\" content=\"summary_large_image\" \/>\n<script type=\"application\/ld+json\" class=\"yoast-schema-graph\">{\"@context\":\"https:\/\/schema.org\",\"@graph\":[{\"@type\":\"WebSite\",\"@id\":\"https:\/\/www.pages-bernard-voyance.fr\/#website\",\"url\":\"https:\/\/www.pages-bernard-voyance.fr\/\",\"name\":\"PAGES BERNARD \u00a0 \u2022 06 18 96 62 39\",\"description\":\"Medium, Voyance, S\u00e9ances\",\"potentialAction\":[{\"@type\":\"SearchAction\",\"target\":{\"@type\":\"EntryPoint\",\"urlTemplate\":\"https:\/\/www.pages-bernard-voyance.fr\/?s={search_term_string}\"},\"query-input\":\"required name=search_term_string\"}],\"inLanguage\":\"fr-FR\"},{\"@type\":\"WebPage\",\"@id\":\"https:\/\/www.pages-bernard-voyance.fr\/\",\"url\":\"https:\/\/www.pages-bernard-voyance.fr\/\",\"name\":\"Medium - Voyance &bull; PAGES BERNARD \u00a0 \u2022 06 18 96 62 39\",\"isPartOf\":{\"@id\":\"https:\/\/www.pages-bernard-voyance.fr\/#website\"},\"datePublished\":\"2019-02-15T11:22:28+00:00\",\"dateModified\":\"2025-10-19T09:13:54+00:00\",\"description\":\"Bernard Pages, m\u00e9dium, poss\u00e9de un don naturel offrant une sensibilit\u00e9 permettant de percevoir et communiquer. Pratique aussi la voyance \u00e0 l\u2019aide d\u2019un support : radiesth\u00e9sie (Pendule) et cartomancie (Tarots et Oracles)\",\"breadcrumb\":{\"@id\":\"https:\/\/www.pages-bernard-voyance.fr\/#breadcrumb\"},\"inLanguage\":\"fr-FR\",\"potentialAction\":[{\"@type\":\"ReadAction\",\"target\":[\"https:\/\/www.pages-bernard-voyance.fr\/\"]}]},{\"@type\":\"BreadcrumbList\",\"@id\":\"https:\/\/www.pages-bernard-voyance.fr\/#breadcrumb\",\"itemListElement\":[{\"@type\":\"ListItem\",\"position\":1,\"name\":\"Accueil\",\"item\":\"https:\/\/www.pages-bernard-voyance.fr\/\"},{\"@type\":\"ListItem\",\"position\":2,\"name\":\"Medium &#8211; Voyance\"}]}]}<\/script>\n<!-- \/ Yoast SEO plugin. -->","yoast_head_json":{"title":"Medium - Voyance &bull; PAGES BERNARD \u00a0 \u2022 06 18 96 62 39","description":"Bernard Pages, m\u00e9dium, poss\u00e9de un don naturel offrant une sensibilit\u00e9 permettant de percevoir et communiquer. Pratique aussi la voyance \u00e0 l\u2019aide d\u2019un support : radiesth\u00e9sie (Pendule) et cartomancie (Tarots et Oracles)","robots":{"index":"index","follow":"follow","max-snippet":"max-snippet:-1","max-image-preview":"max-image-preview:large","max-video-preview":"max-video-preview:-1"},"canonical":"https:\/\/www.pages-bernard-voyance.fr\/","og_locale":"fr_FR","og_type":"article","og_title":"Medium - Voyance &bull; PAGES BERNARD \u00a0 \u2022 06 18 96 62 39","og_description":"Bernard Pages, m\u00e9dium, poss\u00e9de un don naturel offrant une sensibilit\u00e9 permettant de percevoir et communiquer. Pratique aussi la voyance \u00e0 l\u2019aide d\u2019un support : radiesth\u00e9sie (Pendule) et cartomancie (Tarots et Oracles)","og_url":"https:\/\/www.pages-bernard-voyance.fr\/","og_site_name":"PAGES BERNARD \u00a0 \u2022 06 18 96 62 39","article_publisher":"https:\/\/www.facebook.com\/bernardpagesmedium\/","article_modified_time":"2025-10-19T09:13:54+00:00","og_image":[{"width":1024,"height":1024,"url":"https:\/\/www.pages-bernard-voyance.fr\/wp-content\/uploads\/2019\/03\/boule-1024x1024.png","type":"image\/png"}],"twitter_card":"summary_large_image","schema":{"@context":"https:\/\/schema.org","@graph":[{"@type":"WebSite","@id":"https:\/\/www.pages-bernard-voyance.fr\/#website","url":"https:\/\/www.pages-bernard-voyance.fr\/","name":"PAGES BERNARD \u00a0 \u2022 06 18 96 62 39","description":"Medium, Voyance, S\u00e9ances","potentialAction":[{"@type":"SearchAction","target":{"@type":"EntryPoint","urlTemplate":"https:\/\/www.pages-bernard-voyance.fr\/?s={search_term_string}"},"query-input":"required name=search_term_string"}],"inLanguage":"fr-FR"},{"@type":"WebPage","@id":"https:\/\/www.pages-bernard-voyance.fr\/","url":"https:\/\/www.pages-bernard-voyance.fr\/","name":"Medium - Voyance &bull; PAGES BERNARD \u00a0 \u2022 06 18 96 62 39","isPartOf":{"@id":"https:\/\/www.pages-bernard-voyance.fr\/#website"},"datePublished":"2019-02-15T11:22:28+00:00","dateModified":"2025-10-19T09:13:54+00:00","description":"Bernard Pages, m\u00e9dium, poss\u00e9de un don naturel offrant une sensibilit\u00e9 permettant de percevoir et communiquer. Pratique aussi la voyance \u00e0 l\u2019aide d\u2019un support : radiesth\u00e9sie (Pendule) et cartomancie (Tarots et Oracles)","breadcrumb":{"@id":"https:\/\/www.pages-bernard-voyance.fr\/#breadcrumb"},"inLanguage":"fr-FR","potentialAction":[{"@type":"ReadAction","target":["https:\/\/www.pages-bernard-voyance.fr\/"]}]},{"@type":"BreadcrumbList","@id":"https:\/\/www.pages-bernard-voyance.fr\/#breadcrumb","itemListElement":[{"@type":"ListItem","position":1,"name":"Accueil","item":"https:\/\/www.pages-bernard-voyance.fr\/"},{"@type":"ListItem","position":2,"name":"Medium &#8211; Voyance"}]}]}},"_links":{"self":[{"href":"https:\/\/www.pages-bernard-voyance.fr\/index.php\/wp-json\/wp\/v2\/pages\/7"}],"collection":[{"href":"https:\/\/www.pages-bernard-voyance.fr\/index.php\/wp-json\/wp\/v2\/pages"}],"about":[{"href":"https:\/\/www.pages-bernard-voyance.fr\/index.php\/wp-json\/wp\/v2\/types\/page"}],"author":[{"embeddable":true,"href":"https:\/\/www.pages-bernard-voyance.fr\/index.php\/wp-json\/wp\/v2\/users\/3"}],"replies":[{"embeddable":true,"href":"https:\/\/www.pages-bernard-voyance.fr\/index.php\/wp-json\/wp\/v2\/comments?post=7"}],"version-history":[{"count":11,"href":"https:\/\/www.pages-bernard-voyance.fr\/index.php\/wp-json\/wp\/v2\/pages\/7\/revisions"}],"predecessor-version":[{"id":228,"href":"https:\/\/www.pages-bernard-voyance.fr\/index.php\/wp-json\/wp\/v2\/pages\/7\/revisions\/228"}],"wp:featuredmedia":[{"embeddable":true,"href":"https:\/\/www.pages-bernard-voyance.fr\/index.php\/wp-json\/wp\/v2\/media\/61"}],"wp:attachment":[{"href":"https:\/\/www.pages-bernard-voyance.fr\/index.php\/wp-json\/wp\/v2\/media?parent=7"}],"curies":[{"name":"wp","href":"https:\/\/api.w.org\/{rel}","templated":true}]}}